{"id":15459,"date":"2016-04-11T15:40:00","date_gmt":"2016-04-11T15:40:00","guid":{"rendered":"http:\/\/www.ceeialbacete.com\/en\/equipo\/"},"modified":"2016-04-13T15:03:19","modified_gmt":"2016-04-13T15:03:19","slug":"team","status":"publish","type":"page","link":"https:\/\/www.ceeialbacete.com\/en\/team\/","title":{"rendered":"Team"},"content":{"rendered":"<div class=\"wpb-content-wrapper\"><p>[vc_row top_padding=&#8221;20&#8243; bottom_padding=&#8221;20&#8243; bg_position=&#8221;left top&#8221;][vc_column width=&#8221;1\/1&#8243;]<div class=\"single_image wpb_content_element align-left    \" data-animation=\"none\" data-delay=\"0\"><img loading=\"lazy\" decoding=\"async\" width=\"1653\" height=\"800\" src=\"https:\/\/www.ceeialbacete.com\/wp-content\/uploads\/2016\/04\/organigrama.png\" class=\"attachment-full\" alt=\"\" title=\"organigrama\" srcset=\"https:\/\/www.ceeialbacete.com\/wp-content\/uploads\/2016\/04\/organigrama.png 1653w, https:\/\/www.ceeialbacete.com\/wp-content\/uploads\/2016\/04\/organigrama-300x145.png 300w, https:\/\/www.ceeialbacete.com\/wp-content\/uploads\/2016\/04\/organigrama-768x372.png 768w, https:\/\/www.ceeialbacete.com\/wp-content\/uploads\/2016\/04\/organigrama-1024x496.png 1024w\" sizes=\"(max-width: 1653px) 100vw, 1653px\" \/><\/div>[\/vc_column][\/vc_row][vc_row bottom_padding=&#8221;100&#8243; bg_position=&#8221;left top&#8221;][vc_column width=&#8221;1\/1&#8243;]<h3 class=\"headline font-special fontsize-m fontweight-700 lh-inherit align-left transform-uppercase \" style=\"margin: 0 0 20px 0;\">Team<\/h3>[vc_row_inner][vc_column_inner][vc_column_text]<strong>Director Gerente:<\/strong> \u00c1ngel Prieto Sotos<\/p>\n<p><strong>Consultor Econ\u00f3mico-financiero y Proyectos:<\/strong> Ana C\u00f3rdoba L\u00f3pez<\/p>\n<p><strong>Consultor Administraci\u00f3n de Empresas y Emprendedores:<\/strong> Isabel L\u00f3pez Gonz\u00e1lez<\/p>\n<p><strong>Consultor Tecnol\u00f3gico y Proyectos:<\/strong> Jos\u00e9 Serna Luna<\/p>\n<p><strong>Administrativa:<\/strong> Vanesa Liante P\u00e9rez[\/vc_column_text][\/vc_column_inner][\/vc_row_inner][\/vc_column][\/vc_row]<\/p>\n<\/div>","protected":false},"excerpt":{"rendered":"<p>[vc_row top_padding=&#8221;20&#8243; bottom_padding=&#8221;20&#8243; bg_position=&#8221;left top&#8221;][vc_column width=&#8221;1\/1&#8243;][\/vc_column][\/vc_row][vc_row bottom_padding=&#8221;100&#8243; bg_position=&#8221;left top&#8221;][vc_column width=&#8221;1\/1&#8243;][vc_row_inner][vc_column_inner][vc_column_text]Director Gerente: \u00c1ngel Prieto Sotos Consultor Econ\u00f3mico-financiero y Proyectos: Ana C\u00f3rdoba L\u00f3pez Consultor Administraci\u00f3n de Empresas y Emprendedores: Isabel L\u00f3pez Gonz\u00e1lez Consultor Tecnol\u00f3gico y Proyectos: Jos\u00e9 Serna Luna Administrativa: Vanesa Liante P\u00e9rez[\/vc_column_text][\/vc_column_inner][\/vc_row_inner][\/vc_column][\/vc_row]<\/p>\n","protected":false},"author":1,"featured_media":0,"parent":0,"menu_order":0,"comment_status":"closed","ping_status":"open","template":"","meta":{"_vp_format_video_url":"","_vp_image_focal_point":[],"footnotes":""},"yoast_head":"<!-- This site is optimized with the Yoast SEO plugin v22.7 - https:\/\/yoast.com\/wordpress\/plugins\/seo\/ -->\n<title>Team - CEEI Albacete<\/title>\n<meta name=\"robots\" content=\"index, follow, max-snippet:-1, max-image-preview:large, max-video-preview:-1\" \/>\n<link rel=\"canonical\" href=\"https:\/\/www.ceeialbacete.com\/team\/\" \/>\n<meta property=\"og:locale\" content=\"en_US\" \/>\n<meta property=\"og:type\" content=\"article\" \/>\n<meta property=\"og:title\" content=\"Team - CEEI Albacete\" \/>\n<meta property=\"og:description\" content=\"[vc_row top_padding=&#8221;20&#8243; bottom_padding=&#8221;20&#8243; bg_position=&#8221;left top&#8221;][vc_column width=&#8221;1\/1&#8243;][\/vc_column][\/vc_row][vc_row bottom_padding=&#8221;100&#8243; bg_position=&#8221;left top&#8221;][vc_column width=&#8221;1\/1&#8243;][vc_row_inner][vc_column_inner][vc_column_text]Director Gerente: \u00c1ngel Prieto Sotos Consultor Econ\u00f3mico-financiero y Proyectos: Ana C\u00f3rdoba L\u00f3pez Consultor Administraci\u00f3n de Empresas y Emprendedores: Isabel L\u00f3pez Gonz\u00e1lez Consultor Tecnol\u00f3gico y Proyectos: Jos\u00e9 Serna Luna Administrativa: Vanesa Liante P\u00e9rez[\/vc_column_text][\/vc_column_inner][\/vc_row_inner][\/vc_column][\/vc_row]\" \/>\n<meta property=\"og:url\" content=\"https:\/\/www.ceeialbacete.com\/team\/\" \/>\n<meta property=\"og:site_name\" content=\"CEEI Albacete\" \/>\n<meta property=\"article:modified_time\" content=\"2016-04-13T15:03:19+00:00\" \/>\n<meta name=\"twitter:card\" content=\"summary_large_image\" \/>\n<meta name=\"twitter:label1\" content=\"Est. reading time\" \/>\n\t<meta name=\"twitter:data1\" content=\"1 minute\" \/>\n<script type=\"application\/ld+json\" class=\"yoast-schema-graph\">{\"@context\":\"https:\/\/schema.org\",\"@graph\":[{\"@type\":\"WebPage\",\"@id\":\"https:\/\/www.ceeialbacete.com\/team\/\",\"url\":\"https:\/\/www.ceeialbacete.com\/team\/\",\"name\":\"Team - CEEI Albacete\",\"isPartOf\":{\"@id\":\"https:\/\/www.ceeialbacete.com\/#website\"},\"datePublished\":\"2016-04-11T15:40:00+00:00\",\"dateModified\":\"2016-04-13T15:03:19+00:00\",\"breadcrumb\":{\"@id\":\"https:\/\/www.ceeialbacete.com\/team\/#breadcrumb\"},\"inLanguage\":\"en-US\",\"potentialAction\":[{\"@type\":\"ReadAction\",\"target\":[\"https:\/\/www.ceeialbacete.com\/team\/\"]}]},{\"@type\":\"BreadcrumbList\",\"@id\":\"https:\/\/www.ceeialbacete.com\/team\/#breadcrumb\",\"itemListElement\":[{\"@type\":\"ListItem\",\"position\":1,\"name\":\"Home\",\"item\":\"https:\/\/www.ceeialbacete.com\/en\/\"},{\"@type\":\"ListItem\",\"position\":2,\"name\":\"Team\"}]},{\"@type\":\"WebSite\",\"@id\":\"https:\/\/www.ceeialbacete.com\/#website\",\"url\":\"https:\/\/www.ceeialbacete.com\/\",\"name\":\"CEEI Albacete\",\"description\":\"Otro sitio realizado con WordPress\",\"publisher\":{\"@id\":\"https:\/\/www.ceeialbacete.com\/#organization\"},\"potentialAction\":[{\"@type\":\"SearchAction\",\"target\":{\"@type\":\"EntryPoint\",\"urlTemplate\":\"https:\/\/www.ceeialbacete.com\/?s={search_term_string}\"},\"query-input\":\"required name=search_term_string\"}],\"inLanguage\":\"en-US\"},{\"@type\":\"Organization\",\"@id\":\"https:\/\/www.ceeialbacete.com\/#organization\",\"name\":\"CEEI Albacete\",\"url\":\"https:\/\/www.ceeialbacete.com\/\",\"logo\":{\"@type\":\"ImageObject\",\"inLanguage\":\"en-US\",\"@id\":\"https:\/\/www.ceeialbacete.com\/#\/schema\/logo\/image\/\",\"url\":\"https:\/\/www.ceeialbacete.com\/wp-content\/uploads\/2024\/05\/LOGO-CEEI-AB-completo.jpg\",\"contentUrl\":\"https:\/\/www.ceeialbacete.com\/wp-content\/uploads\/2024\/05\/LOGO-CEEI-AB-completo.jpg\",\"width\":718,\"height\":482,\"caption\":\"CEEI Albacete\"},\"image\":{\"@id\":\"https:\/\/www.ceeialbacete.com\/#\/schema\/logo\/image\/\"}}]}<\/script>\n<!-- \/ Yoast SEO plugin. -->","yoast_head_json":{"title":"Team - CEEI Albacete","robots":{"index":"index","follow":"follow","max-snippet":"max-snippet:-1","max-image-preview":"max-image-preview:large","max-video-preview":"max-video-preview:-1"},"canonical":"https:\/\/www.ceeialbacete.com\/team\/","og_locale":"en_US","og_type":"article","og_title":"Team - CEEI Albacete","og_description":"[vc_row top_padding=&#8221;20&#8243; bottom_padding=&#8221;20&#8243; bg_position=&#8221;left top&#8221;][vc_column width=&#8221;1\/1&#8243;][\/vc_column][\/vc_row][vc_row bottom_padding=&#8221;100&#8243; bg_position=&#8221;left top&#8221;][vc_column width=&#8221;1\/1&#8243;][vc_row_inner][vc_column_inner][vc_column_text]Director Gerente: \u00c1ngel Prieto Sotos Consultor Econ\u00f3mico-financiero y Proyectos: Ana C\u00f3rdoba L\u00f3pez Consultor Administraci\u00f3n de Empresas y Emprendedores: Isabel L\u00f3pez Gonz\u00e1lez Consultor Tecnol\u00f3gico y Proyectos: Jos\u00e9 Serna Luna Administrativa: Vanesa Liante P\u00e9rez[\/vc_column_text][\/vc_column_inner][\/vc_row_inner][\/vc_column][\/vc_row]","og_url":"https:\/\/www.ceeialbacete.com\/team\/","og_site_name":"CEEI Albacete","article_modified_time":"2016-04-13T15:03:19+00:00","twitter_card":"summary_large_image","twitter_misc":{"Est. reading time":"1 minute"},"schema":{"@context":"https:\/\/schema.org","@graph":[{"@type":"WebPage","@id":"https:\/\/www.ceeialbacete.com\/team\/","url":"https:\/\/www.ceeialbacete.com\/team\/","name":"Team - CEEI Albacete","isPartOf":{"@id":"https:\/\/www.ceeialbacete.com\/#website"},"datePublished":"2016-04-11T15:40:00+00:00","dateModified":"2016-04-13T15:03:19+00:00","breadcrumb":{"@id":"https:\/\/www.ceeialbacete.com\/team\/#breadcrumb"},"inLanguage":"en-US","potentialAction":[{"@type":"ReadAction","target":["https:\/\/www.ceeialbacete.com\/team\/"]}]},{"@type":"BreadcrumbList","@id":"https:\/\/www.ceeialbacete.com\/team\/#breadcrumb","itemListElement":[{"@type":"ListItem","position":1,"name":"Home","item":"https:\/\/www.ceeialbacete.com\/en\/"},{"@type":"ListItem","position":2,"name":"Team"}]},{"@type":"WebSite","@id":"https:\/\/www.ceeialbacete.com\/#website","url":"https:\/\/www.ceeialbacete.com\/","name":"CEEI Albacete","description":"Otro sitio realizado con WordPress","publisher":{"@id":"https:\/\/www.ceeialbacete.com\/#organization"},"potentialAction":[{"@type":"SearchAction","target":{"@type":"EntryPoint","urlTemplate":"https:\/\/www.ceeialbacete.com\/?s={search_term_string}"},"query-input":"required name=search_term_string"}],"inLanguage":"en-US"},{"@type":"Organization","@id":"https:\/\/www.ceeialbacete.com\/#organization","name":"CEEI Albacete","url":"https:\/\/www.ceeialbacete.com\/","logo":{"@type":"ImageObject","inLanguage":"en-US","@id":"https:\/\/www.ceeialbacete.com\/#\/schema\/logo\/image\/","url":"https:\/\/www.ceeialbacete.com\/wp-content\/uploads\/2024\/05\/LOGO-CEEI-AB-completo.jpg","contentUrl":"https:\/\/www.ceeialbacete.com\/wp-content\/uploads\/2024\/05\/LOGO-CEEI-AB-completo.jpg","width":718,"height":482,"caption":"CEEI Albacete"},"image":{"@id":"https:\/\/www.ceeialbacete.com\/#\/schema\/logo\/image\/"}}]}},"_links":{"self":[{"href":"https:\/\/www.ceeialbacete.com\/en\/wp-json\/wp\/v2\/pages\/15459"}],"collection":[{"href":"https:\/\/www.ceeialbacete.com\/en\/wp-json\/wp\/v2\/pages"}],"about":[{"href":"https:\/\/www.ceeialbacete.com\/en\/wp-json\/wp\/v2\/types\/page"}],"author":[{"embeddable":true,"href":"https:\/\/www.ceeialbacete.com\/en\/wp-json\/wp\/v2\/users\/1"}],"replies":[{"embeddable":true,"href":"https:\/\/www.ceeialbacete.com\/en\/wp-json\/wp\/v2\/comments?post=15459"}],"version-history":[{"count":1,"href":"https:\/\/www.ceeialbacete.com\/en\/wp-json\/wp\/v2\/pages\/15459\/revisions"}],"predecessor-version":[{"id":15601,"href":"https:\/\/www.ceeialbacete.com\/en\/wp-json\/wp\/v2\/pages\/15459\/revisions\/15601"}],"wp:attachment":[{"href":"https:\/\/www.ceeialbacete.com\/en\/wp-json\/wp\/v2\/media?parent=15459"}],"curies":[{"name":"wp","href":"https:\/\/api.w.org\/{rel}","templated":true}]}}